{"id":7262,"date":"2025-05-29T14:09:44","date_gmt":"2025-05-29T12:09:44","guid":{"rendered":"https:\/\/www.schladming-golf.at\/driving-range\/"},"modified":"2025-05-29T14:09:44","modified_gmt":"2025-05-29T12:09:44","slug":"driving-range","status":"publish","type":"page","link":"https:\/\/www.schladming-golf.at\/en\/driving-range\/","title":{"rendered":"Driving Range"},"content":{"rendered":"\t\t<div data-elementor-type=\"wp-page\" data-elementor-id=\"7262\" class=\"elementor elementor-7262 elementor-4962\" data-elementor-post-type=\"page\">\n\t\t\t\t\t\t<section class=\"elementor-section elementor-top-section elementor-element elementor-element-7c96319 elementor-section-height-min-height elementor-section-boxed elementor-section-height-default elementor-section-items-middle\" data-id=\"7c96319\" data-element_type=\"section\" data-e-type=\"section\" data-settings=\"{&quot;background_background&quot;:&quot;classic&quot;}\">\n\t\t\t\t\t\t<div class=\"elementor-container elementor-column-gap-default\">\n\t\t\t\t\t<div class=\"elementor-column elementor-col-100 elementor-top-column elementor-element elementor-element-88404ee\" data-id=\"88404ee\" data-element_type=\"column\" data-e-type=\"column\">\n\t\t\t<div class=\"elementor-widget-wrap\">\n\t\t\t\t\t\t\t<\/div>\n\t\t<\/div>\n\t\t\t\t\t<\/div>\n\t\t<\/section>\n\t\t\t\t<section class=\"elementor-section elementor-top-section elementor-element elementor-element-43d3b27 elementor-section-boxed elementor-section-height-default elementor-section-height-default\" data-id=\"43d3b27\" data-element_type=\"section\" data-e-type=\"section\" data-settings=\"{&quot;background_background&quot;:&quot;classic&quot;}\">\n\t\t\t\t\t\t<div class=\"elementor-container elementor-column-gap-default\">\n\t\t\t\t\t<div class=\"elementor-column elementor-col-100 elementor-top-column elementor-element elementor-element-b500ac5\" data-id=\"b500ac5\" data-element_type=\"column\" data-e-type=\"column\">\n\t\t\t<div class=\"elementor-widget-wrap elementor-element-populated\">\n\t\t\t\t\t\t<div class=\"elementor-element elementor-element-a371e48 elementor-widget elementor-widget-heading\" data-id=\"a371e48\" data-element_type=\"widget\" data-e-type=\"widget\" data-widget_type=\"heading.default\">\n\t\t\t\t<div class=\"elementor-widget-container\">\n\t\t\t\t\t<h1 class=\"elementor-heading-title elementor-size-default\">Driving Range<\/h1>\t\t\t\t<\/div>\n\t\t\t\t<\/div>\n\t\t\t\t\t<\/div>\n\t\t<\/div>\n\t\t\t\t\t<\/div>\n\t\t<\/section>\n\t\t\t\t<section class=\"elementor-section elementor-top-section elementor-element elementor-element-f257962 elementor-section-boxed elementor-section-height-default elementor-section-height-default\" data-id=\"f257962\" data-element_type=\"section\" data-e-type=\"section\" data-settings=\"{&quot;background_background&quot;:&quot;classic&quot;}\">\n\t\t\t\t\t\t<div class=\"elementor-container elementor-column-gap-default\">\n\t\t\t\t\t<div class=\"elementor-column elementor-col-50 elementor-top-column elementor-element elementor-element-23fa9b3\" data-id=\"23fa9b3\" data-element_type=\"column\" data-e-type=\"column\">\n\t\t\t<div class=\"elementor-widget-wrap elementor-element-populated\">\n\t\t\t\t\t\t<section class=\"elementor-section elementor-inner-section elementor-element elementor-element-1d18a9e elementor-section-boxed elementor-section-height-default elementor-section-height-default\" data-id=\"1d18a9e\" data-element_type=\"section\" data-e-type=\"section\">\n\t\t\t\t\t\t<div class=\"elementor-container elementor-column-gap-default\">\n\t\t\t\t\t<div class=\"elementor-column elementor-col-100 elementor-inner-column elementor-element elementor-element-aeb78ff\" data-id=\"aeb78ff\" data-element_type=\"column\" data-e-type=\"column\">\n\t\t\t<div class=\"elementor-widget-wrap elementor-element-populated\">\n\t\t\t\t\t\t<div class=\"elementor-element elementor-element-043ef80 elementor-widget elementor-widget-text-editor\" data-id=\"043ef80\" data-element_type=\"widget\" data-e-type=\"widget\" data-widget_type=\"text-editor.default\">\n\t\t\t\t<div class=\"elementor-widget-container\">\n\t\t\t\t\t\t\t\t\t<p>Our driving range is available for all golfers but we also welcome golf curious guests. The range fee is \u20ac10 per day and is already included in the green fees and golf lessons.<\/p><p>Directly behind the driving range with 17 mats, there is a practice bunker with a chipping and pitching green, as well as two nice putting greens.<\/p>\t\t\t\t\t\t\t\t<\/div>\n\t\t\t\t<\/div>\n\t\t\t\t\t<\/div>\n\t\t<\/div>\n\t\t\t\t\t<\/div>\n\t\t<\/section>\n\t\t\t\t\t<\/div>\n\t\t<\/div>\n\t\t\t\t<div class=\"elementor-column elementor-col-50 elementor-top-column elementor-element elementor-element-47b471b\" data-id=\"47b471b\" data-element_type=\"column\" data-e-type=\"column\">\n\t\t\t<div class=\"elementor-widget-wrap elementor-element-populated\">\n\t\t\t\t\t\t<div class=\"elementor-element elementor-element-4db2a51 elementor-widget elementor-widget-image\" data-id=\"4db2a51\" data-element_type=\"widget\" data-e-type=\"widget\" data-widget_type=\"image.default\">\n\t\t\t\t<div class=\"elementor-widget-container\">\n\t\t\t\t\t\t\t\t\t\t\t\t\t\t\t<img fetchpriority=\"high\" decoding=\"async\" width=\"800\" height=\"449\" src=\"https:\/\/www.schladming-golf.at\/wp-content\/uploads\/2023\/05\/DJI_0110-1024x575.jpg\" class=\"attachment-large size-large wp-image-4845\" alt=\"\" srcset=\"https:\/\/www.schladming-golf.at\/wp-content\/uploads\/2023\/05\/DJI_0110-1024x575.jpg 1024w, https:\/\/www.schladming-golf.at\/wp-content\/uploads\/2023\/05\/DJI_0110-300x168.jpg 300w, https:\/\/www.schladming-golf.at\/wp-content\/uploads\/2023\/05\/DJI_0110-768x431.jpg 768w, https:\/\/www.schladming-golf.at\/wp-content\/uploads\/2023\/05\/DJI_0110-1536x863.jpg 1536w, https:\/\/www.schladming-golf.at\/wp-content\/uploads\/2023\/05\/DJI_0110-2048x1150.jpg 2048w\" sizes=\"(max-width: 800px) 100vw, 800px\" \/>\t\t\t\t\t\t\t\t\t\t\t\t\t\t\t<\/div>\n\t\t\t\t<\/div>\n\t\t\t\t\t<\/div>\n\t\t<\/div>\n\t\t\t\t\t<\/div>\n\t\t<\/section>\n\t\t\t\t<section class=\"elementor-section elementor-top-section elementor-element elementor-element-88e214c elementor-section-boxed elementor-section-height-default elementor-section-height-default\" data-id=\"88e214c\" data-element_type=\"section\" data-e-type=\"section\" data-settings=\"{&quot;background_background&quot;:&quot;classic&quot;}\">\n\t\t\t\t\t\t\t<div class=\"elementor-background-overlay\"><\/div>\n\t\t\t\t\t\t\t<div class=\"elementor-container elementor-column-gap-default\">\n\t\t\t\t\t<div class=\"elementor-column elementor-col-100 elementor-top-column elementor-element elementor-element-a6935ee\" data-id=\"a6935ee\" data-element_type=\"column\" data-e-type=\"column\">\n\t\t\t<div class=\"elementor-widget-wrap elementor-element-populated\">\n\t\t\t\t\t\t<div class=\"elementor-element elementor-element-b411f71 elementor-mobile-align-left elementor-align-center elementor-widget elementor-widget-breadcrumbs\" data-id=\"b411f71\" data-element_type=\"widget\" data-e-type=\"widget\" data-widget_type=\"breadcrumbs.default\">\n\t\t\t\t<div class=\"elementor-widget-container\">\n\t\t\t\t\t<p id=\"breadcrumbs\"><span><span><a href=\"https:\/\/www.schladming-golf.at\/en\/home\/\">Startseite<\/a><\/span><\/span><\/p>\t\t\t\t<\/div>\n\t\t\t\t<\/div>\n\t\t\t\t\t<\/div>\n\t\t<\/div>\n\t\t\t\t\t<\/div>\n\t\t<\/section>\n\t\t\t\t<\/div>\n\t\t","protected":false},"excerpt":{"rendered":"<p>Driving Range Our driving range is available for all golfers but we also welcome golf curious guests. The range fee is \u20ac10 per day and is already included in the green fees and golf lessons. Directly behind the driving range with 17 mats, there is a practice bunker with a chipping and pitching green, as [&hellip;]<\/p>\n","protected":false},"author":3,"featured_media":0,"parent":0,"menu_order":0,"comment_status":"closed","ping_status":"closed","template":"","meta":{"footnotes":""},"class_list":["post-7262","page","type-page","status-publish","hentry"],"yoast_head":"<!-- This site is optimized with the Yoast SEO plugin v27.2 - https:\/\/yoast.com\/product\/yoast-seo-wordpress\/ -->\n<title>Driving Range - GC Schladming-Dachstein<\/title>\n<meta name=\"description\" content=\"Der Golfclub Adamstal war mehrfach Austragungsort von Turnieren. Unser Team verf\u00fcgt \u00fcber die langj\u00e4hrige Erfahrung in der Organisation solcher Events.\" \/>\n<meta name=\"robots\" content=\"index, follow, max-snippet:-1, max-image-preview:large, max-video-preview:-1\" \/>\n<link rel=\"canonical\" href=\"https:\/\/www.schladming-golf.at\/en\/driving-range\/\" \/>\n<meta property=\"og:locale\" content=\"en_US\" \/>\n<meta property=\"og:type\" content=\"article\" \/>\n<meta property=\"og:title\" content=\"Driving Range - GC Schladming-Dachstein\" \/>\n<meta property=\"og:description\" content=\"Der Golfclub Adamstal war mehrfach Austragungsort von Turnieren. Unser Team verf\u00fcgt \u00fcber die langj\u00e4hrige Erfahrung in der Organisation solcher Events.\" \/>\n<meta property=\"og:url\" content=\"https:\/\/www.schladming-golf.at\/en\/driving-range\/\" \/>\n<meta property=\"og:site_name\" content=\"GC Schladming-Dachstein\" \/>\n<meta property=\"og:image\" content=\"https:\/\/www.schladming-golf.at\/wp-content\/uploads\/2023\/05\/DJI_0110-scaled.jpg\" \/>\n\t<meta property=\"og:image:width\" content=\"2560\" \/>\n\t<meta property=\"og:image:height\" content=\"1438\" \/>\n\t<meta property=\"og:image:type\" content=\"image\/jpeg\" \/>\n<meta name=\"twitter:card\" content=\"summary_large_image\" \/>\n<script type=\"application\/ld+json\" class=\"yoast-schema-graph\">{\"@context\":\"https:\/\/schema.org\",\"@graph\":[{\"@type\":\"WebPage\",\"@id\":\"https:\/\/www.schladming-golf.at\/en\/driving-range\/\",\"url\":\"https:\/\/www.schladming-golf.at\/en\/driving-range\/\",\"name\":\"Driving Range - GC Schladming-Dachstein\",\"isPartOf\":{\"@id\":\"https:\/\/www.schladming-golf.at\/#website\"},\"primaryImageOfPage\":{\"@id\":\"https:\/\/www.schladming-golf.at\/en\/driving-range\/#primaryimage\"},\"image\":{\"@id\":\"https:\/\/www.schladming-golf.at\/en\/driving-range\/#primaryimage\"},\"thumbnailUrl\":\"https:\/\/www.schladming-golf.at\/wp-content\/uploads\/2023\/05\/DJI_0110-1024x575.jpg\",\"datePublished\":\"2025-05-29T12:09:44+00:00\",\"description\":\"Der Golfclub Adamstal war mehrfach Austragungsort von Turnieren. Unser Team verf\u00fcgt \u00fcber die langj\u00e4hrige Erfahrung in der Organisation solcher Events.\",\"breadcrumb\":{\"@id\":\"https:\/\/www.schladming-golf.at\/en\/driving-range\/#breadcrumb\"},\"inLanguage\":\"en-US\",\"potentialAction\":[{\"@type\":\"ReadAction\",\"target\":[\"https:\/\/www.schladming-golf.at\/en\/driving-range\/\"]}]},{\"@type\":\"ImageObject\",\"inLanguage\":\"en-US\",\"@id\":\"https:\/\/www.schladming-golf.at\/en\/driving-range\/#primaryimage\",\"url\":\"https:\/\/www.schladming-golf.at\/wp-content\/uploads\/2023\/05\/DJI_0110-1024x575.jpg\",\"contentUrl\":\"https:\/\/www.schladming-golf.at\/wp-content\/uploads\/2023\/05\/DJI_0110-1024x575.jpg\"},{\"@type\":\"BreadcrumbList\",\"@id\":\"https:\/\/www.schladming-golf.at\/en\/driving-range\/#breadcrumb\",\"itemListElement\":[{\"@type\":\"ListItem\",\"position\":1,\"name\":\"Startseite\",\"item\":\"https:\/\/www.schladming-golf.at\/en\/home\/\"},{\"@type\":\"ListItem\",\"position\":2,\"name\":\"Driving Range\"}]},{\"@type\":\"WebSite\",\"@id\":\"https:\/\/www.schladming-golf.at\/#website\",\"url\":\"https:\/\/www.schladming-golf.at\/\",\"name\":\"GC Schladming-Dachstein\",\"description\":\"\",\"publisher\":{\"@id\":\"https:\/\/www.schladming-golf.at\/#organization\"},\"potentialAction\":[{\"@type\":\"SearchAction\",\"target\":{\"@type\":\"EntryPoint\",\"urlTemplate\":\"https:\/\/www.schladming-golf.at\/?s={search_term_string}\"},\"query-input\":{\"@type\":\"PropertyValueSpecification\",\"valueRequired\":true,\"valueName\":\"search_term_string\"}}],\"inLanguage\":\"en-US\"},{\"@type\":\"Organization\",\"@id\":\"https:\/\/www.schladming-golf.at\/#organization\",\"name\":\"GCC Dachstein-Tauern\",\"url\":\"https:\/\/www.schladming-golf.at\/\",\"logo\":{\"@type\":\"ImageObject\",\"inLanguage\":\"en-US\",\"@id\":\"https:\/\/www.schladming-golf.at\/#\/schema\/logo\/image\/\",\"url\":\"https:\/\/www.schladming-golf.at\/wp-content\/uploads\/2020\/07\/Schladming_Logo_freigestellt_gross.png\",\"contentUrl\":\"https:\/\/www.schladming-golf.at\/wp-content\/uploads\/2020\/07\/Schladming_Logo_freigestellt_gross.png\",\"width\":879,\"height\":914,\"caption\":\"GCC Dachstein-Tauern\"},\"image\":{\"@id\":\"https:\/\/www.schladming-golf.at\/#\/schema\/logo\/image\/\"}}]}<\/script>\n<!-- \/ Yoast SEO plugin. -->","yoast_head_json":{"title":"Driving Range - GC Schladming-Dachstein","description":"Der Golfclub Adamstal war mehrfach Austragungsort von Turnieren. Unser Team verf\u00fcgt \u00fcber die langj\u00e4hrige Erfahrung in der Organisation solcher Events.","robots":{"index":"index","follow":"follow","max-snippet":"max-snippet:-1","max-image-preview":"max-image-preview:large","max-video-preview":"max-video-preview:-1"},"canonical":"https:\/\/www.schladming-golf.at\/en\/driving-range\/","og_locale":"en_US","og_type":"article","og_title":"Driving Range - GC Schladming-Dachstein","og_description":"Der Golfclub Adamstal war mehrfach Austragungsort von Turnieren. Unser Team verf\u00fcgt \u00fcber die langj\u00e4hrige Erfahrung in der Organisation solcher Events.","og_url":"https:\/\/www.schladming-golf.at\/en\/driving-range\/","og_site_name":"GC Schladming-Dachstein","og_image":[{"width":2560,"height":1438,"url":"https:\/\/www.schladming-golf.at\/wp-content\/uploads\/2023\/05\/DJI_0110-scaled.jpg","type":"image\/jpeg"}],"twitter_card":"summary_large_image","schema":{"@context":"https:\/\/schema.org","@graph":[{"@type":"WebPage","@id":"https:\/\/www.schladming-golf.at\/en\/driving-range\/","url":"https:\/\/www.schladming-golf.at\/en\/driving-range\/","name":"Driving Range - GC Schladming-Dachstein","isPartOf":{"@id":"https:\/\/www.schladming-golf.at\/#website"},"primaryImageOfPage":{"@id":"https:\/\/www.schladming-golf.at\/en\/driving-range\/#primaryimage"},"image":{"@id":"https:\/\/www.schladming-golf.at\/en\/driving-range\/#primaryimage"},"thumbnailUrl":"https:\/\/www.schladming-golf.at\/wp-content\/uploads\/2023\/05\/DJI_0110-1024x575.jpg","datePublished":"2025-05-29T12:09:44+00:00","description":"Der Golfclub Adamstal war mehrfach Austragungsort von Turnieren. Unser Team verf\u00fcgt \u00fcber die langj\u00e4hrige Erfahrung in der Organisation solcher Events.","breadcrumb":{"@id":"https:\/\/www.schladming-golf.at\/en\/driving-range\/#breadcrumb"},"inLanguage":"en-US","potentialAction":[{"@type":"ReadAction","target":["https:\/\/www.schladming-golf.at\/en\/driving-range\/"]}]},{"@type":"ImageObject","inLanguage":"en-US","@id":"https:\/\/www.schladming-golf.at\/en\/driving-range\/#primaryimage","url":"https:\/\/www.schladming-golf.at\/wp-content\/uploads\/2023\/05\/DJI_0110-1024x575.jpg","contentUrl":"https:\/\/www.schladming-golf.at\/wp-content\/uploads\/2023\/05\/DJI_0110-1024x575.jpg"},{"@type":"BreadcrumbList","@id":"https:\/\/www.schladming-golf.at\/en\/driving-range\/#breadcrumb","itemListElement":[{"@type":"ListItem","position":1,"name":"Startseite","item":"https:\/\/www.schladming-golf.at\/en\/home\/"},{"@type":"ListItem","position":2,"name":"Driving Range"}]},{"@type":"WebSite","@id":"https:\/\/www.schladming-golf.at\/#website","url":"https:\/\/www.schladming-golf.at\/","name":"GC Schladming-Dachstein","description":"","publisher":{"@id":"https:\/\/www.schladming-golf.at\/#organization"},"potentialAction":[{"@type":"SearchAction","target":{"@type":"EntryPoint","urlTemplate":"https:\/\/www.schladming-golf.at\/?s={search_term_string}"},"query-input":{"@type":"PropertyValueSpecification","valueRequired":true,"valueName":"search_term_string"}}],"inLanguage":"en-US"},{"@type":"Organization","@id":"https:\/\/www.schladming-golf.at\/#organization","name":"GCC Dachstein-Tauern","url":"https:\/\/www.schladming-golf.at\/","logo":{"@type":"ImageObject","inLanguage":"en-US","@id":"https:\/\/www.schladming-golf.at\/#\/schema\/logo\/image\/","url":"https:\/\/www.schladming-golf.at\/wp-content\/uploads\/2020\/07\/Schladming_Logo_freigestellt_gross.png","contentUrl":"https:\/\/www.schladming-golf.at\/wp-content\/uploads\/2020\/07\/Schladming_Logo_freigestellt_gross.png","width":879,"height":914,"caption":"GCC Dachstein-Tauern"},"image":{"@id":"https:\/\/www.schladming-golf.at\/#\/schema\/logo\/image\/"}}]}},"_links":{"self":[{"href":"https:\/\/www.schladming-golf.at\/en\/wp-json\/wp\/v2\/pages\/7262","targetHints":{"allow":["GET"]}}],"collection":[{"href":"https:\/\/www.schladming-golf.at\/en\/wp-json\/wp\/v2\/pages"}],"about":[{"href":"https:\/\/www.schladming-golf.at\/en\/wp-json\/wp\/v2\/types\/page"}],"author":[{"embeddable":true,"href":"https:\/\/www.schladming-golf.at\/en\/wp-json\/wp\/v2\/users\/3"}],"replies":[{"embeddable":true,"href":"https:\/\/www.schladming-golf.at\/en\/wp-json\/wp\/v2\/comments?post=7262"}],"version-history":[{"count":1,"href":"https:\/\/www.schladming-golf.at\/en\/wp-json\/wp\/v2\/pages\/7262\/revisions"}],"predecessor-version":[{"id":7263,"href":"https:\/\/www.schladming-golf.at\/en\/wp-json\/wp\/v2\/pages\/7262\/revisions\/7263"}],"wp:attachment":[{"href":"https:\/\/www.schladming-golf.at\/en\/wp-json\/wp\/v2\/media?parent=7262"}],"curies":[{"name":"wp","href":"https:\/\/api.w.org\/{rel}","templated":true}]}}